{"id":179,"date":"2017-10-10T20:52:01","date_gmt":"2017-10-10T18:52:01","guid":{"rendered":"http:\/\/web1.schuetz-berlin.de\/?page_id=179"},"modified":"2018-04-11T17:47:44","modified_gmt":"2018-04-11T15:47:44","slug":"fertigung","status":"publish","type":"page","link":"https:\/\/www.schuetz-berlin.de\/?page_id=179","title":{"rendered":"Fertigung"},"content":{"rendered":"<div id=\"Fertigunginhalt\" class=\"Inhaltbox\">\n<p>Wir fertigen mit unseren CNC-Maschinen hochpr\u00e4zise Dreh-, Erodier-, Fr\u00e4s- und Schleifteile in Einzel- oder Kleinserien, mit angemessener Qualit\u00e4tsplanung und Dokumentation.<\/p>\n<!-- index.php -->\n<div\n\tclass=\"ngg-galleryoverview ngg-ajax-pagination-none\"\n\tid=\"ngg-gallery-405327008d78a70ea044ee3d205e7815-1\">\n\n    \t\t<!-- Thumbnails -->\n\t\t\t\t<div id=\"ngg-image-0\" class=\"ngg-gallery-thumbnail-box\" >\n\t\t\t\t        <div class=\"ngg-gallery-thumbnail\">\n            <a href=\"https:\/\/www.schuetz-berlin.de\/wp-content\/gallery\/fertigung\/ErodierenII_gross.jpg\"\n               title=\"\"\n               data-src=\"https:\/\/www.schuetz-berlin.de\/wp-content\/gallery\/fertigung\/ErodierenII_gross.jpg\"\n               data-thumbnail=\"https:\/\/www.schuetz-berlin.de\/wp-content\/gallery\/fertigung\/thumbs\/thumbs_ErodierenII_gross.jpg\"\n               data-image-id=\"15\"\n               data-title=\"ErodierenII_gross\"\n               data-description=\"\"\n               data-image-slug=\"erodierenii_gross\"\n               class=\"ngg-fancybox\" rel=\"405327008d78a70ea044ee3d205e7815\">\n                <img\n                    title=\"ErodierenII_gross\"\n                    alt=\"ErodierenII_gross\"\n                    src=\"https:\/\/www.schuetz-berlin.de\/wp-content\/gallery\/fertigung\/thumbs\/thumbs_ErodierenII_gross.jpg\"\n                    width=\"180\"\n                    height=\"120\"\n                    style=\"max-width:100%;\"\n                \/>\n            <\/a>\n        <\/div>\n\t\t\t\t\t\t\t<\/div> \n\t\t\t\n        \n\t\t\t\t<div id=\"ngg-image-1\" class=\"ngg-gallery-thumbnail-box\" >\n\t\t\t\t        <div class=\"ngg-gallery-thumbnail\">\n            <a href=\"https:\/\/www.schuetz-berlin.de\/wp-content\/gallery\/fertigung\/Fraese_gross.jpg\"\n               title=\"\"\n               data-src=\"https:\/\/www.schuetz-berlin.de\/wp-content\/gallery\/fertigung\/Fraese_gross.jpg\"\n               data-thumbnail=\"https:\/\/www.schuetz-berlin.de\/wp-content\/gallery\/fertigung\/thumbs\/thumbs_Fraese_gross.jpg\"\n               data-image-id=\"16\"\n               data-title=\"Fraese_gross\"\n               data-description=\"\"\n               data-image-slug=\"fraese_gross\"\n               class=\"ngg-fancybox\" rel=\"405327008d78a70ea044ee3d205e7815\">\n                <img\n                    title=\"Fraese_gross\"\n                    alt=\"Fraese_gross\"\n                    src=\"https:\/\/www.schuetz-berlin.de\/wp-content\/gallery\/fertigung\/thumbs\/thumbs_Fraese_gross.jpg\"\n                    width=\"180\"\n                    height=\"120\"\n                    style=\"max-width:100%;\"\n                \/>\n            <\/a>\n        <\/div>\n\t\t\t\t\t\t\t<\/div> \n\t\t\t\n        \n\t\t\t\t<div id=\"ngg-image-2\" class=\"ngg-gallery-thumbnail-box\" >\n\t\t\t\t        <div class=\"ngg-gallery-thumbnail\">\n            <a href=\"https:\/\/www.schuetz-berlin.de\/wp-content\/gallery\/fertigung\/Drehen_gross.jpg\"\n               title=\"\"\n               data-src=\"https:\/\/www.schuetz-berlin.de\/wp-content\/gallery\/fertigung\/Drehen_gross.jpg\"\n               data-thumbnail=\"https:\/\/www.schuetz-berlin.de\/wp-content\/gallery\/fertigung\/thumbs\/thumbs_Drehen_gross.jpg\"\n               data-image-id=\"17\"\n               data-title=\"Drehen_gross\"\n               data-description=\"\"\n               data-image-slug=\"drehen_gross\"\n               class=\"ngg-fancybox\" rel=\"405327008d78a70ea044ee3d205e7815\">\n                <img\n                    title=\"Drehen_gross\"\n                    alt=\"Drehen_gross\"\n                    src=\"https:\/\/www.schuetz-berlin.de\/wp-content\/gallery\/fertigung\/thumbs\/thumbs_Drehen_gross.jpg\"\n                    width=\"180\"\n                    height=\"120\"\n                    style=\"max-width:100%;\"\n                \/>\n            <\/a>\n        <\/div>\n\t\t\t\t\t\t\t<\/div> \n\t\t\t\n        \n\t\t\t\t<div id=\"ngg-image-3\" class=\"ngg-gallery-thumbnail-box\" >\n\t\t\t\t        <div class=\"ngg-gallery-thumbnail\">\n            <a href=\"https:\/\/www.schuetz-berlin.de\/wp-content\/gallery\/fertigung\/Rundschleifen_gross.jpg\"\n               title=\"\"\n               data-src=\"https:\/\/www.schuetz-berlin.de\/wp-content\/gallery\/fertigung\/Rundschleifen_gross.jpg\"\n               data-thumbnail=\"https:\/\/www.schuetz-berlin.de\/wp-content\/gallery\/fertigung\/thumbs\/thumbs_Rundschleifen_gross.jpg\"\n               data-image-id=\"18\"\n               data-title=\"Rundschleifen_gross\"\n               data-description=\"\"\n               data-image-slug=\"rundschleifen_gross\"\n               class=\"ngg-fancybox\" rel=\"405327008d78a70ea044ee3d205e7815\">\n                <img\n                    title=\"Rundschleifen_gross\"\n                    alt=\"Rundschleifen_gross\"\n                    src=\"https:\/\/www.schuetz-berlin.de\/wp-content\/gallery\/fertigung\/thumbs\/thumbs_Rundschleifen_gross.jpg\"\n                    width=\"180\"\n                    height=\"120\"\n                    style=\"max-width:100%;\"\n                \/>\n            <\/a>\n        <\/div>\n\t\t\t\t\t\t\t<\/div> \n\t\t\t\n        \n\t\t\t\t<div id=\"ngg-image-4\" class=\"ngg-gallery-thumbnail-box\" >\n\t\t\t\t        <div class=\"ngg-gallery-thumbnail\">\n            <a href=\"https:\/\/www.schuetz-berlin.de\/wp-content\/gallery\/fertigung\/Schleifen_gross.jpg\"\n               title=\"\"\n               data-src=\"https:\/\/www.schuetz-berlin.de\/wp-content\/gallery\/fertigung\/Schleifen_gross.jpg\"\n               data-thumbnail=\"https:\/\/www.schuetz-berlin.de\/wp-content\/gallery\/fertigung\/thumbs\/thumbs_Schleifen_gross.jpg\"\n               data-image-id=\"19\"\n               data-title=\"Schleifen_gross\"\n               data-description=\"\"\n               data-image-slug=\"schleifen_gross\"\n               class=\"ngg-fancybox\" rel=\"405327008d78a70ea044ee3d205e7815\">\n                <img\n                    title=\"Schleifen_gross\"\n                    alt=\"Schleifen_gross\"\n                    src=\"https:\/\/www.schuetz-berlin.de\/wp-content\/gallery\/fertigung\/thumbs\/thumbs_Schleifen_gross.jpg\"\n                    width=\"180\"\n                    height=\"120\"\n                    style=\"max-width:100%;\"\n                \/>\n            <\/a>\n        <\/div>\n\t\t\t\t\t\t\t<\/div> \n\t\t\t\n        \n\t\t\n\t\t<!-- Pagination -->\n\t<div class='ngg-clear'><\/div>\t<\/div>\n\n<\/div>\n","protected":false},"excerpt":{"rendered":"<p>Wir fertigen mit unseren CNC-Maschinen hochpr\u00e4zise Dreh-, Erodier-, Fr\u00e4s- und Schleifteile in Einzel- oder Kleinserien, mit angemessener Qualit\u00e4tsplanun<\/p>\n","protected":false},"author":1,"featured_media":0,"parent":2,"menu_order":0,"comment_status":"closed","ping_status":"closed","template":"fullwidth.php","meta":{"ngg_post_thumbnail":0},"_links":{"self":[{"href":"https:\/\/www.schuetz-berlin.de\/index.php?rest_route=\/wp\/v2\/pages\/179"}],"collection":[{"href":"https:\/\/www.schuetz-berlin.de\/index.php?rest_route=\/wp\/v2\/pages"}],"about":[{"href":"https:\/\/www.schuetz-berlin.de\/index.php?rest_route=\/wp\/v2\/types\/page"}],"author":[{"embeddable":true,"href":"https:\/\/www.schuetz-berlin.de\/index.php?rest_route=\/wp\/v2\/users\/1"}],"replies":[{"embeddable":true,"href":"https:\/\/www.schuetz-berlin.de\/index.php?rest_route=%2Fwp%2Fv2%2Fcomments&post=179"}],"version-history":[{"count":11,"href":"https:\/\/www.schuetz-berlin.de\/index.php?rest_route=\/wp\/v2\/pages\/179\/revisions"}],"predecessor-version":[{"id":606,"href":"https:\/\/www.schuetz-berlin.de\/index.php?rest_route=\/wp\/v2\/pages\/179\/revisions\/606"}],"up":[{"embeddable":true,"href":"https:\/\/www.schuetz-berlin.de\/index.php?rest_route=\/wp\/v2\/pages\/2"}],"wp:attachment":[{"href":"https:\/\/www.schuetz-berlin.de\/index.php?rest_route=%2Fwp%2Fv2%2Fmedia&parent=179"}],"curies":[{"name":"wp","href":"https:\/\/api.w.org\/{rel}","templated":true}]}}