{"id":18,"date":"2017-09-03T18:13:15","date_gmt":"2017-09-03T16:13:15","guid":{"rendered":"http:\/\/web1.schuetz-berlin.de\/?page_id=18"},"modified":"2020-12-10T20:12:46","modified_gmt":"2020-12-10T19:12:46","slug":"maschinenpark","status":"publish","type":"page","link":"https:\/\/www.schuetz-berlin.de\/?page_id=18","title":{"rendered":"Maschinenpark"},"content":{"rendered":"<h3><strong>Fr\u00e4sen<\/strong><\/h3>\n<p><strong>CNC-Bearbeitung<\/strong><br \/>\n\u2022 3-Achs Bearbeitungszentren &#8211; max. Werkst\u00fcckgr\u00f6\u00dfe (LxBxH in mm) 1200x600x600<br \/>\n\u2022 5-Achs Bearbeitungszentren &#8211; max. Werkst\u00fcckgr\u00f6\u00dfe (LxBxH in mm) 710x520x520<br \/>\n\u2022 3-Achs Simultanfr\u00e4sen + Rotary Mill (eine angestellte Achse zus\u00e4tzlich)<br \/>\n\u2022 CAM Anwendung erstellt NC-Programme direkt aus dem CAD-Datensatz<br \/>\n\u2022 erreichbare Genauigkeit bis zu 0,02mm<\/p>\n<p><strong>konventionelle Bearbeitung<br \/>\n<\/strong>\u2022 max. Werkst\u00fcckgr\u00f6\u00dfe (LxBxH in mm) 1200x500x400<\/p>\n<h3><strong>Drehen<\/strong><\/h3>\n<p><strong>CNC-Bearbeitung<br \/>\n<\/strong>\u2022 max. Werkst\u00fcckgr\u00f6\u00dfe \u00d8 420mm, L\u00e4nge 1000mm<br \/>\n\u2022 Hartdrehen<br \/>\n\u2022 erreichbare Genauigkeit bis zu 0,01mm<\/p>\n<p><strong>konventionelle Bearbeitung<\/strong><br \/>\n\u2022 max. Werkst\u00fcckgr\u00f6\u00dfe \u00d8 960mm, L\u00e4nge 1500mm (max. 250kg)<\/p>\n<h3><strong>Erodieren<\/strong><\/h3>\n<p><strong>Senkerodieren<br \/>\n<\/strong>\u2022 max. Verfahrwege (LxBxH in mm) 350x250x250, max. Werkst\u00fcckgr\u00f6\u00dfe 800x500x265<br \/>\n\u2022 Erodieren von Gewinden<\/p>\n<p><strong>Drahterodieren<br \/>\n<\/strong>\u2022 max. Verfahrwege (LxBxH in mm) 550x350x400, max. Werkst\u00fcckgr\u00f6\u00dfe 1200x700x400<br \/>\n\u2022 kleinstm\u00f6glicher Radius 0,15mm<br \/>\n\u2022 erreichbare Genauigkeit bis zu 0,002mm<br \/>\n\u2022 erreichbare Oberfl\u00e4cheng\u00fcte bis zu Ra 0,1\u00b5m<\/p>\n<p><strong>Lochschie\u00dfen<br \/>\n<\/strong>\u2022 \u00d8 0,3 &#8211; 3mm,&nbsp; max. 500mm tief<\/p>\n<h3><strong>Schleifen<\/strong><\/h3>\n<p><strong>Flachschleifen<\/strong><br \/>\n\u2022 max. Werkst\u00fcckgr\u00f6\u00dfe (LxBxH in mm) 1200x600x625<br \/>\n\u2022 max. Innentauchtiefe 100mm<br \/>\n\u2022 CNC-Bearbeitung<br \/>\n\u2022 erreichbare Genauigkeit bis zu 0,002mm<\/p>\n<p><strong>Profilschleifen<\/strong><br \/>\n\u2022 max. Werkst\u00fcckgr\u00f6\u00dfe (LxBxH in mm) 600x200x300<br \/>\n\u2022 max. Innentauchtiefe 55mm<br \/>\n\u2022 Diaformeinrichtung<br \/>\n\u2022 erreichbare Genauigkeit bis zu 0,002mm<\/p>\n<p><strong>Rundschleifen<\/strong><br \/>\n\u2022 bis zu einem Durchmesser von 350mm und einer L\u00e4nge von 900mm<br \/>\n\u2022 CNC-Bearbeitung<br \/>\n\u2022 erreichbare Genauigkeit bis zu 0,002mm<\/p>\n<p><strong>Koordinatenschleifen<\/strong><br \/>\n\u2022 max. Durchmesser von 360mm<br \/>\n\u2022 max. Werkst\u00fcckgr\u00f6\u00dfe (LxBxH in mm) 650x450x140<br \/>\n\u2022 erreichbare Genauigkeit bis zu 0,002mm<\/p>\n","protected":false},"excerpt":{"rendered":"<p>Fr\u00e4sen CNC-Bearbeitung \u2022 3-Achs Bearbeitungszentren &#8211; max. Werkst\u00fcckgr\u00f6\u00dfe (LxBxH in mm) 1200x600x600 \u2022 5-Achs Bearbeitungszentren &#8211; max<\/p>\n","protected":false},"author":1,"featured_media":0,"parent":0,"menu_order":0,"comment_status":"closed","ping_status":"closed","template":"fullwidth.php","meta":{"ngg_post_thumbnail":0},"_links":{"self":[{"href":"https:\/\/www.schuetz-berlin.de\/index.php?rest_route=\/wp\/v2\/pages\/18"}],"collection":[{"href":"https:\/\/www.schuetz-berlin.de\/index.php?rest_route=\/wp\/v2\/pages"}],"about":[{"href":"https:\/\/www.schuetz-berlin.de\/index.php?rest_route=\/wp\/v2\/types\/page"}],"author":[{"embeddable":true,"href":"https:\/\/www.schuetz-berlin.de\/index.php?rest_route=\/wp\/v2\/users\/1"}],"replies":[{"embeddable":true,"href":"https:\/\/www.schuetz-berlin.de\/index.php?rest_route=%2Fwp%2Fv2%2Fcomments&post=18"}],"version-history":[{"count":15,"href":"https:\/\/www.schuetz-berlin.de\/index.php?rest_route=\/wp\/v2\/pages\/18\/revisions"}],"predecessor-version":[{"id":993,"href":"https:\/\/www.schuetz-berlin.de\/index.php?rest_route=\/wp\/v2\/pages\/18\/revisions\/993"}],"wp:attachment":[{"href":"https:\/\/www.schuetz-berlin.de\/index.php?rest_route=%2Fwp%2Fv2%2Fmedia&parent=18"}],"curies":[{"name":"wp","href":"https:\/\/api.w.org\/{rel}","templated":true}]}}