{"id":2,"date":"2016-05-10T03:48:21","date_gmt":"2016-05-10T03:48:21","guid":{"rendered":"http:\/\/web1.schuetz-berlin.de\/?page_id=2"},"modified":"2017-10-11T12:40:51","modified_gmt":"2017-10-11T10:40:51","slug":"sample-page","status":"publish","type":"page","link":"https:\/\/www.schuetz-berlin.de\/?page_id=2","title":{"rendered":"Produkte &#038; Leistungen"},"content":{"rendered":"<p>W\u00e4hlen Sie die Firma Sch\u00fctz Pr\u00e4zisions-Werkzeugbau zu Ihrem Partner. Das bedeutet f\u00fcr Sie:<\/p>\n<p>\u2022 hohe Pr\u00e4zision im Werkzeugbau<br \/>\n\u2022 termingetreue Lieferung<br \/>\n\u2022 eigene Konstruktion einschlie\u00dflich CAD\/CAM<br \/>\n\u2022 moderne Maschinen<br \/>\n\u2022 handwerkliche Erfahrung<\/p>\n<p>&nbsp;<\/p>\n<p>Wir bieten Ihnen Produkte und Leistungen aus den folgenden Bereichen:<\/p>\n<p><a href=\"http:\/\/web1.schuetz-berlin.de\/?page_id=94\">Konstruktion<\/a>, <a href=\"http:\/\/web1.schuetz-berlin.de\/?page_id=100\">Vorrichtungsbau<\/a>, <a href=\"http:\/\/web1.schuetz-berlin.de\/?page_id=175\">Werkzeugbau<\/a>, <a href=\"http:\/\/web1.schuetz-berlin.de\/?page_id=179\">Fertigung<\/a>, <a href=\"http:\/\/web1.schuetz-berlin.de\/?page_id=182\">Sondermaschinen<\/a>, <a href=\"http:\/\/web1.schuetz-berlin.de\/?page_id=184\">Pr\u00e4zisionsteile<\/a><\/p>\n<p>&nbsp;<\/p>\n","protected":false},"excerpt":{"rendered":"<p>W\u00e4hlen Sie die Firma Sch\u00fctz Pr\u00e4zisions-Werkzeugbau zu Ihrem Partner. Das bedeutet f\u00fcr Sie: \u2022 hohe Pr\u00e4zision im Werkzeugbau \u2022 termingetreue Lieferu<\/p>\n","protected":false},"author":1,"featured_media":0,"parent":0,"menu_order":0,"comment_status":"closed","ping_status":"open","template":"fullwidth.php","meta":{"ngg_post_thumbnail":0},"_links":{"self":[{"href":"https:\/\/www.schuetz-berlin.de\/index.php?rest_route=\/wp\/v2\/pages\/2"}],"collection":[{"href":"https:\/\/www.schuetz-berlin.de\/index.php?rest_route=\/wp\/v2\/pages"}],"about":[{"href":"https:\/\/www.schuetz-berlin.de\/index.php?rest_route=\/wp\/v2\/types\/page"}],"author":[{"embeddable":true,"href":"https:\/\/www.schuetz-berlin.de\/index.php?rest_route=\/wp\/v2\/users\/1"}],"replies":[{"embeddable":true,"href":"https:\/\/www.schuetz-berlin.de\/index.php?rest_route=%2Fwp%2Fv2%2Fcomments&post=2"}],"version-history":[{"count":15,"href":"https:\/\/www.schuetz-berlin.de\/index.php?rest_route=\/wp\/v2\/pages\/2\/revisions"}],"predecessor-version":[{"id":299,"href":"https:\/\/www.schuetz-berlin.de\/index.php?rest_route=\/wp\/v2\/pages\/2\/revisions\/299"}],"wp:attachment":[{"href":"https:\/\/www.schuetz-berlin.de\/index.php?rest_route=%2Fwp%2Fv2%2Fmedia&parent=2"}],"curies":[{"name":"wp","href":"https:\/\/api.w.org\/{rel}","templated":true}]}}