{"id":28,"date":"2017-09-06T17:58:04","date_gmt":"2017-09-06T15:58:04","guid":{"rendered":"http:\/\/web1.schuetz-berlin.de\/?page_id=28"},"modified":"2025-04-22T09:43:44","modified_gmt":"2025-04-22T07:43:44","slug":"stellenangebote","status":"publish","type":"page","link":"https:\/\/www.schuetz-berlin.de\/?page_id=28","title":{"rendered":"Stellenangebote"},"content":{"rendered":"\n<p>Aktuell suchen wir zur Verst\u00e4rkung unseres Teams:<\/p>\n\n\n\n<figure class=\"wp-block-table\"><table><tbody><tr><td><strong>CNC-Fr\u00e4ser (m\/w\/d)<\/strong> <strong>in Vollzeit<\/strong><br><br><strong>Beginn: Ab sofort<\/strong><\/td><td><a href=\"https:\/\/www.schuetz-berlin.de\/wp-content\/uploads\/2022\/07\/CNC-Fraeser_202206.pdf\" target=\"_blank\" rel=\"noreferrer noopener\">Details<\/a><\/td><\/tr><tr><td><strong>Erodierer \/ Zerspaner (m\/w\/d) in Vollzeit<\/strong><br><br><strong>Beginn: Ab sofort<\/strong><\/td><td><a href=\"https:\/\/www.schuetz-berlin.de\/wp-content\/uploads\/2024\/11\/Erodierer_2024.pdf\">Details<\/a><\/td><\/tr><tr><td><strong>Schleifer (m\/w\/d) in Vollzeit<\/strong><br><br><strong>Beginn: Ab sofort<\/strong><\/td><td><a href=\"https:\/\/www.schuetz-berlin.de\/wp-content\/uploads\/2022\/07\/Schleifer_202206.pdf\" target=\"_blank\" rel=\"noreferrer noopener\">Details<\/a><\/td><\/tr><tr><td><strong>Messtechniker \/ QMB (m\/w\/d) in Vollzeit<\/strong><br><br><strong>Beginn: Ab sofort<\/strong><\/td><td><a href=\"https:\/\/www.schuetz-berlin.de\/wp-content\/uploads\/2025\/04\/Messtechniker-QMB_202504.pdf\">Details<\/a><\/td><\/tr><tr><td><strong>Auszubildende zum Werkzeugmechaniker (m\/w\/d)<\/strong><br><strong>Auszubildende zum Zerspanungsmechaniker (m\/w\/d)<\/strong><br><br><strong>Ausbildungsbeginn: September<\/strong><\/td><td><a href=\"https:\/\/www.schuetz-berlin.de\/wp-content\/uploads\/2022\/02\/Azubi_2022.pdf\" data-type=\"URL\" data-id=\"https:\/\/www.schuetz-berlin.de\/wp-content\/uploads\/2022\/02\/Azubi_2022.pdf\" target=\"_blank\" rel=\"noreferrer noopener\">Details<\/a><\/td><\/tr><\/tbody><\/table><\/figure>\n\n\n\n<p>Bitte senden Sie Ihre Bewerbung an:<\/p>\n\n\n\n<p>Sch\u00fctz GmbH &amp; Co. KG<br>Wolfgang Sch\u00fctz<br>B\u00fcrgerstr. 11<br>12347 Berlin<\/p>\n\n\n\n<p>bewerbung@schuetz-berlin.de<\/p>\n\n\n\n<p><strong>Unsere Datenschutzhinweise f\u00fcr Bewerberinnen und Bewerber k\u00f6nnen Sie hier herunterladen:<br><\/strong><a href=\"https:\/\/www.schuetz-berlin.de\/wp-content\/uploads\/2018\/09\/DS_BewerberInnen.pdf\" target=\"_blank\" rel=\"noopener noreferrer\">Datenschutzhinweis BewerberInnen<\/a><strong><br><\/strong><\/p>\n\n\n\n<p><\/p>\n","protected":false},"excerpt":{"rendered":"<p>Aktuell suchen wir zur Verst\u00e4rkung unseres Teams: CNC-Fr\u00e4ser (m\/w\/d) in Vollzeit Beginn: Ab sofort Details Erodierer \/ Zerspaner (m\/w\/d) in Vollzeit Begi<\/p>\n","protected":false},"author":1,"featured_media":0,"parent":0,"menu_order":0,"comment_status":"closed","ping_status":"closed","template":"fullwidth.php","meta":{"ngg_post_thumbnail":0},"_links":{"self":[{"href":"https:\/\/www.schuetz-berlin.de\/index.php?rest_route=\/wp\/v2\/pages\/28"}],"collection":[{"href":"https:\/\/www.schuetz-berlin.de\/index.php?rest_route=\/wp\/v2\/pages"}],"about":[{"href":"https:\/\/www.schuetz-berlin.de\/index.php?rest_route=\/wp\/v2\/types\/page"}],"author":[{"embeddable":true,"href":"https:\/\/www.schuetz-berlin.de\/index.php?rest_route=\/wp\/v2\/users\/1"}],"replies":[{"embeddable":true,"href":"https:\/\/www.schuetz-berlin.de\/index.php?rest_route=%2Fwp%2Fv2%2Fcomments&post=28"}],"version-history":[{"count":58,"href":"https:\/\/www.schuetz-berlin.de\/index.php?rest_route=\/wp\/v2\/pages\/28\/revisions"}],"predecessor-version":[{"id":1149,"href":"https:\/\/www.schuetz-berlin.de\/index.php?rest_route=\/wp\/v2\/pages\/28\/revisions\/1149"}],"wp:attachment":[{"href":"https:\/\/www.schuetz-berlin.de\/index.php?rest_route=%2Fwp%2Fv2%2Fmedia&parent=28"}],"curies":[{"name":"wp","href":"https:\/\/api.w.org\/{rel}","templated":true}]}}